{"id":74,"date":"2025-06-29T09:15:32","date_gmt":"2025-06-29T09:15:32","guid":{"rendered":"https:\/\/ny.latencyrp.no\/?page_id=74"},"modified":"2026-04-08T23:03:53","modified_gmt":"2026-04-08T23:03:53","slug":"yrkesveiledning","status":"publish","type":"page","link":"https:\/\/latencyrp.no\/index.php\/yrkesveiledning\/","title":{"rendered":"Yrkesveiledning"},"content":{"rendered":"<p><iframe loading=\"lazy\" width=\"100%\" height=\"750\" \n  src=\"https:\/\/www.youtube.com\/embed\/9ECsJu819Qs?autoplay=1&#038;mute=1\"\n  title=\"LatencyRP Trailer\" frameborder=\"0\"\n  allow=\"autoplay; encrypted-media; picture-in-picture\" \n  allowfullscreen><\/iframe><\/p>\n\n\n<div class=\"wp-block-media-text is-stacked-on-mobile\"><figure class=\"wp-block-media-text__media\"><img loading=\"lazy\" decoding=\"async\" width=\"2272\" height=\"1174\" src=\"https:\/\/ny.latencyrp.no\/wp-content\/uploads\/2025\/08\/sykehus.png\" alt=\"\" class=\"wp-image-220 size-full\"\/><\/figure><div class=\"wp-block-media-text__content\">\n<p><mark style=\"background-color:rgba(0, 0, 0, 0);color:#f59a66\" class=\"has-inline-color\"><strong>Ambulanse<\/strong><\/mark><\/p>\n\n\n\n<p><sub><mark style=\"background-color:rgba(0, 0, 0, 0);color:#f59a66\" class=\"has-inline-color\">Er du glad i og jobbe med folk, eller hjelpe de i n\u00f8d? Da er dette plassen for deg. Med variert arbeidsmengde og intensivitet vil du alltid ha noe \u00e5 gj\u00f8re.<\/mark><\/sub><\/p>\n<\/div><\/div>\n\n\n\n<div class=\"wp-block-media-text is-stacked-on-mobile\"><figure class=\"wp-block-media-text__media\"><img loading=\"lazy\" decoding=\"async\" width=\"2375\" height=\"1138\" src=\"https:\/\/ny.latencyrp.no\/wp-content\/uploads\/2025\/08\/apex.png\" alt=\"\" class=\"wp-image-210 size-full\"\/><\/figure><div class=\"wp-block-media-text__content\">\n<p><mark style=\"background-color:rgba(0, 0, 0, 0);color:#f59a66\" class=\"has-inline-color\"><strong>Apex : Mekk &amp; Motor<\/strong><\/mark><\/p>\n\n\n\n<p><mark style=\"background-color:rgba(0, 0, 0, 0);color:#f59a66\" class=\"has-inline-color\"><sub>F\u00f8ler du at du er en grease monkey, og ikke har noe imot og bli litt oljete p\u00e5 henda? Da er Apex plassen for deg, med alt fra reparasjon til tuning av alle kj\u00f8ret\u00f8y.<\/sub><\/mark><\/p>\n<\/div><\/div>\n\n\n\n<div class=\"wp-block-media-text is-stacked-on-mobile\"><figure class=\"wp-block-media-text__media\"><img loading=\"lazy\" decoding=\"async\" width=\"2306\" height=\"1173\" src=\"https:\/\/ny.latencyrp.no\/wp-content\/uploads\/2025\/08\/big-tow.png\" alt=\"\" class=\"wp-image-224 size-full\"\/><\/figure><div class=\"wp-block-media-text__content\">\n<p><mark style=\"background-color:rgba(0, 0, 0, 0);color:#f59a66\" class=\"has-inline-color\"><strong>Big Tow<\/strong><\/mark><\/p>\n\n\n\n<p><sub><mark style=\"background-color:rgba(0, 0, 0, 0);color:#f59a66\" class=\"has-inline-color\">Har du ett \u00f8nske om \u00e5 holde byen fri for feilparkerte biler, eller \u00f8nsker du kanskje \u00e5 hjelpe noen som har motorproblemer s\u00e5 er dette plassen for deg.<\/mark><\/sub><\/p>\n<\/div><\/div>\n\n\n\n<div class=\"wp-block-media-text is-stacked-on-mobile\"><figure class=\"wp-block-media-text__media\"><img loading=\"lazy\" decoding=\"async\" width=\"1846\" height=\"1012\" src=\"https:\/\/ny.latencyrp.no\/wp-content\/uploads\/2025\/08\/bodo.png\" alt=\"\" class=\"wp-image-267 size-full\"\/><\/figure><div class=\"wp-block-media-text__content\">\n<p><mark style=\"background-color:rgba(0, 0, 0, 0);color:#f59a66\" class=\"has-inline-color\"><strong>Bod\u00f8 Jakt &amp; Friluftsliv<\/strong><\/mark><\/p>\n\n\n\n<p><sub><mark style=\"background-color:rgba(0, 0, 0, 0);color:#f59a66\" class=\"has-inline-color\">Er du driven med jaktv\u00e5pen, og trives med alt friluftslivet har \u00e5 by p\u00e5? Her kan du jobbe med salg av utstyr og gode r\u00e5d til fremtidens jegere og turg\u00e5ere.<\/mark><\/sub><\/p>\n<\/div><\/div>\n\n\n\n<div class=\"wp-block-media-text is-stacked-on-mobile\"><figure class=\"wp-block-media-text__media\"><img loading=\"lazy\" decoding=\"async\" width=\"1024\" height=\"473\" src=\"https:\/\/latencyrp.no\/wp-content\/uploads\/2026\/03\/df3f39b750266a317b5de2c58cfe163c-1024x473.png\" alt=\"\" class=\"wp-image-358 size-full\" srcset=\"https:\/\/latencyrp.no\/wp-content\/uploads\/2026\/03\/df3f39b750266a317b5de2c58cfe163c-1024x473.png 1024w, https:\/\/latencyrp.no\/wp-content\/uploads\/2026\/03\/df3f39b750266a317b5de2c58cfe163c-300x139.png 300w, https:\/\/latencyrp.no\/wp-content\/uploads\/2026\/03\/df3f39b750266a317b5de2c58cfe163c-768x355.png 768w, https:\/\/latencyrp.no\/wp-content\/uploads\/2026\/03\/df3f39b750266a317b5de2c58cfe163c-1536x710.png 1536w, https:\/\/latencyrp.no\/wp-content\/uploads\/2026\/03\/df3f39b750266a317b5de2c58cfe163c-2048x947.png 2048w\" sizes=\"auto, (max-width: 1024px) 100vw, 1024px\" \/><\/figure><div class=\"wp-block-media-text__content\">\n<p><mark style=\"background-color:rgba(0, 0, 0, 0);color:#f59a66\" class=\"has-inline-color\"><strong>Bod\u00f8 mekk<\/strong><\/mark><\/p>\n\n\n\n<p><sub><mark style=\"background-color:rgba(0, 0, 0, 0);color:#f59a66\" class=\"has-inline-color\">Liker du og holde en maskin g\u00e5ende? pimpe den opp, eller leke i motor romet for flere hester? da er bod\u00f8 mekk plassen for deg, hvor gease monkey ikke bare er ett ord, det er en livsstil <\/mark><\/sub> <\/p>\n<\/div><\/div>\n\n\n\n<div class=\"wp-block-media-text is-stacked-on-mobile\"><figure class=\"wp-block-media-text__media\"><img loading=\"lazy\" decoding=\"async\" width=\"1662\" height=\"994\" src=\"https:\/\/ny.latencyrp.no\/wp-content\/uploads\/2025\/08\/burger-shot.png\" alt=\"\" class=\"wp-image-225 size-full\"\/><\/figure><div class=\"wp-block-media-text__content\">\n<p><mark style=\"background-color:rgba(0, 0, 0, 0);color:#f59a66\" class=\"has-inline-color\"><strong>Burgershot<\/strong><\/mark><\/p>\n\n\n\n<p><sub><mark style=\"background-color:rgba(0, 0, 0, 0);color:#f59a66\" class=\"has-inline-color\">Hos oss f\u00e5r du muligheten til \u00e5 v\u00e6re grunnen til at b\u00e5de travle arbeidere og sene nattugler f\u00e5r den burgeren de trenger for \u00e5 holde hum\u00f8ret oppe. Vi serverer alt fra saftige burgere og spr\u00f8 fries til gode smil og kjapp service<\/mark><\/sub><\/p>\n<\/div><\/div>\n\n\n\n<div class=\"wp-block-media-text is-stacked-on-mobile\"><figure class=\"wp-block-media-text__media\"><img loading=\"lazy\" decoding=\"async\" width=\"2471\" height=\"1167\" src=\"https:\/\/ny.latencyrp.no\/wp-content\/uploads\/2025\/08\/domstolen.png\" alt=\"\" class=\"wp-image-236 size-full\"\/><\/figure><div class=\"wp-block-media-text__content\">\n<p><mark style=\"background-color:rgba(0, 0, 0, 0);color:#f59a66\" class=\"has-inline-color\"><strong>Domstolen<\/strong><\/mark><\/p>\n\n\n\n<p><sub><mark style=\"background-color:rgba(0, 0, 0, 0);color:#f59a66\" class=\"has-inline-color\">Er din interesse \u00e5 passe p\u00e5 at alle f\u00e5r en rettferdig mulighet til og f\u00e5 sin sak vurdert, er dette plassen \u00e5 velge, med hovedfokus p\u00e5 at alle f\u00e5r sin sak h\u00f8rt.<\/mark><\/sub><\/p>\n<\/div><\/div>\n\n\n\n<div class=\"wp-block-media-text is-stacked-on-mobile\"><figure class=\"wp-block-media-text__media\"><img loading=\"lazy\" decoding=\"async\" width=\"2436\" height=\"1168\" src=\"https:\/\/ny.latencyrp.no\/wp-content\/uploads\/2025\/08\/elite.png\" alt=\"\" class=\"wp-image-226 size-full\"\/><\/figure><div class=\"wp-block-media-text__content\">\n<p><mark style=\"background-color:rgba(0, 0, 0, 0);color:#f59a66\" class=\"has-inline-color\"><strong>Elite Import<\/strong><\/mark><\/p>\n\n\n\n<p><sub><mark style=\"background-color:rgba(0, 0, 0, 0);color:#f59a66\" class=\"has-inline-color\">Er du overdrevent interessert i bil, og en utmerket selger? Her f\u00e5r du smaken av luksuri\u00f8sitet med importbiler, superbiler og sportsbiler.<\/mark><\/sub><\/p>\n<\/div><\/div>\n\n\n\n<div class=\"wp-block-media-text is-stacked-on-mobile\"><figure class=\"wp-block-media-text__media\"><img loading=\"lazy\" decoding=\"async\" width=\"2169\" height=\"1172\" src=\"https:\/\/ny.latencyrp.no\/wp-content\/uploads\/2025\/08\/frogner.png\" alt=\"\" class=\"wp-image-227 size-full\"\/><\/figure><div class=\"wp-block-media-text__content\">\n<p><mark style=\"background-color:rgba(0, 0, 0, 0);color:#f59a66\" class=\"has-inline-color\"><strong>Frogner Auto<\/strong><\/mark><\/p>\n\n\n\n<p><sub><mark style=\"background-color:rgba(0, 0, 0, 0);color:#f59a66\" class=\"has-inline-color\">Kjenner du at det kribler i fingrene n\u00e5r du prater om biler eller motorsykler? Frogner Auto tilbyr gode, gamle og noks\u00e5 nyere biler og motorsykler, med et bredt utvalg av lavere klasser. Er du glad i \u00e5 prate om biler og motorsykler, og liker tanken om \u00e5 selge dem i samme slengen, er jobben her perfekt for deg.<\/mark><\/sub><\/p>\n<\/div><\/div>\n\n\n\n<div class=\"wp-block-media-text is-stacked-on-mobile\"><figure class=\"wp-block-media-text__media\"><img loading=\"lazy\" decoding=\"async\" width=\"1024\" height=\"473\" src=\"https:\/\/latencyrp.no\/wp-content\/uploads\/2026\/03\/329fc9b43778c4830f2f05c686c1ab26-1024x473.png\" alt=\"\" class=\"wp-image-357 size-full\" srcset=\"https:\/\/latencyrp.no\/wp-content\/uploads\/2026\/03\/329fc9b43778c4830f2f05c686c1ab26-1024x473.png 1024w, https:\/\/latencyrp.no\/wp-content\/uploads\/2026\/03\/329fc9b43778c4830f2f05c686c1ab26-300x138.png 300w, https:\/\/latencyrp.no\/wp-content\/uploads\/2026\/03\/329fc9b43778c4830f2f05c686c1ab26-768x354.png 768w, https:\/\/latencyrp.no\/wp-content\/uploads\/2026\/03\/329fc9b43778c4830f2f05c686c1ab26-1536x709.png 1536w, https:\/\/latencyrp.no\/wp-content\/uploads\/2026\/03\/329fc9b43778c4830f2f05c686c1ab26-2048x945.png 2048w\" sizes=\"auto, (max-width: 1024px) 100vw, 1024px\" \/><\/figure><div class=\"wp-block-media-text__content\">\n<p><mark style=\"background-color:rgba(0, 0, 0, 0);color:#f59a66\" class=\"has-inline-color\"><strong>Nasjonalavisa<\/strong><\/mark><\/p>\n\n\n\n<p><sub><mark style=\"background-color:rgba(0, 0, 0, 0);color:#f59a66\" class=\"has-inline-color\">Liker du og grave fram info, intervjue folk, og gi nyheter folk leser til frokost? da er dette en yperlig mulighet til og gj\u00f8re frokosten til alle og enhver mer spennende<\/mark><\/sub><\/p>\n<\/div><\/div>\n\n\n\n<div class=\"wp-block-media-text is-stacked-on-mobile\"><figure class=\"wp-block-media-text__media\"><img loading=\"lazy\" decoding=\"async\" width=\"1024\" height=\"474\" src=\"https:\/\/latencyrp.no\/wp-content\/uploads\/2026\/03\/8a8265d68337008ecaf7583e50c11df9-1024x474.png\" alt=\"\" class=\"wp-image-356 size-full\" srcset=\"https:\/\/latencyrp.no\/wp-content\/uploads\/2026\/03\/8a8265d68337008ecaf7583e50c11df9-1024x474.png 1024w, https:\/\/latencyrp.no\/wp-content\/uploads\/2026\/03\/8a8265d68337008ecaf7583e50c11df9-300x139.png 300w, https:\/\/latencyrp.no\/wp-content\/uploads\/2026\/03\/8a8265d68337008ecaf7583e50c11df9-768x355.png 768w, https:\/\/latencyrp.no\/wp-content\/uploads\/2026\/03\/8a8265d68337008ecaf7583e50c11df9-1536x710.png 1536w, https:\/\/latencyrp.no\/wp-content\/uploads\/2026\/03\/8a8265d68337008ecaf7583e50c11df9-2048x947.png 2048w\" sizes=\"auto, (max-width: 1024px) 100vw, 1024px\" \/><\/figure><div class=\"wp-block-media-text__content\">\n<p><mark style=\"background-color:rgba(0, 0, 0, 0);color:#f59a66\" class=\"has-inline-color\"><strong>Optimalfrakt<\/strong><\/mark><\/p>\n\n\n\n<p><sub><mark style=\"background-color:rgba(0, 0, 0, 0);color:#f59a66\" class=\"has-inline-color\">Liker du \u00e5 s\u00f8rge for at samfunnet fungerer? Da har du funnet riktig jobb. Her vil du ha en mulighet til og v\u00e6re grunnen til at alle bedrifter fungerer som de skal, med alt fra levering av mat til salgsvarer <\/mark><\/sub><\/p>\n<\/div><\/div>\n\n\n\n<div class=\"wp-block-media-text is-stacked-on-mobile\"><figure class=\"wp-block-media-text__media\"><img loading=\"lazy\" decoding=\"async\" width=\"1600\" height=\"972\" src=\"https:\/\/ny.latencyrp.no\/wp-content\/uploads\/2025\/08\/politi.png\" alt=\"\" class=\"wp-image-219 size-full\"\/><\/figure><div class=\"wp-block-media-text__content\">\n<p><mark style=\"background-color:rgba(0, 0, 0, 0);color:#f59a66\" class=\"has-inline-color\"><strong>Politi<\/strong><\/mark><\/p>\n\n\n\n<p><sub><mark style=\"background-color:rgba(0, 0, 0, 0);color:#f59a66\" class=\"has-inline-color\">\u00d8nsker du \u00e5 bidra med \u00e5 gj\u00f8re byen tryggere? Liker du en spennende og varierende hverdag hvor du treffer p\u00e5 mange ulike mennesker? Da er politiet jobben for deg! Her tilbys daglige utfordringer og givende arbeidsoppgaver.<\/mark><\/sub><\/p>\n<\/div><\/div>\n\n\n\n<div class=\"wp-block-media-text is-stacked-on-mobile\"><figure class=\"wp-block-media-text__media\"><img loading=\"lazy\" decoding=\"async\" width=\"2558\" height=\"1183\" src=\"https:\/\/latencyrp.no\/wp-content\/uploads\/2025\/10\/roadkill.png\" alt=\"\" class=\"wp-image-329 size-full\"\/><\/figure><div class=\"wp-block-media-text__content\">\n<p><mark style=\"background-color:rgba(0, 0, 0, 0);color:#f59a66\" class=\"has-inline-color\"><strong>Roadkill<\/strong><\/mark><\/p>\n\n\n\n<p><sub><mark style=\"background-color:rgba(0, 0, 0, 0);color:#f59a66\" class=\"has-inline-color\">Har du lyst til og lage m\u00e5ltider, med lokale og ferske r\u00e5varer er dette plassen for deg. Her spesialiserer vi oss innenfor det fineste av viltmat, med r\u00e5varer fra Bod\u00f8 og jaktomr\u00e5dene rundt<\/mark><\/sub><\/p>\n<\/div><\/div>\n\n\n\n<div class=\"wp-block-media-text is-stacked-on-mobile\"><figure class=\"wp-block-media-text__media\"><img loading=\"lazy\" decoding=\"async\" width=\"2557\" height=\"1183\" src=\"https:\/\/latencyrp.no\/wp-content\/uploads\/2025\/10\/Sentraltaxi.png\" alt=\"\" class=\"wp-image-331 size-full\"\/><\/figure><div class=\"wp-block-media-text__content\">\n<p><mark style=\"background-color:rgba(0, 0, 0, 0);color:#f59a66\" class=\"has-inline-color\"><strong>Sentraltaxi<\/strong><\/mark><\/p>\n\n\n\n<p><sub><mark style=\"background-color:rgba(0, 0, 0, 0);color:#f59a66\" class=\"has-inline-color\">Lever du 1\/4 mile at the time, og liker koselige turer med kunder i bilen er dette plassen du har lettet etter. Hvor kundeservice og god kj\u00f8ring er nr.1<\/mark><\/sub><\/p>\n<\/div><\/div>\n\n\n\n<div class=\"wp-block-media-text is-stacked-on-mobile\"><figure class=\"wp-block-media-text__media\"><img loading=\"lazy\" decoding=\"async\" width=\"1900\" height=\"1045\" src=\"https:\/\/ny.latencyrp.no\/wp-content\/uploads\/2025\/08\/the-town.png\" alt=\"\" class=\"wp-image-221 size-full\"\/><\/figure><div class=\"wp-block-media-text__content\">\n<p><mark style=\"background-color:rgba(0, 0, 0, 0);color:#f59a66\" class=\"has-inline-color\"><strong>The Town<\/strong><\/mark><\/p>\n\n\n\n<p><sub><mark style=\"background-color:rgba(0, 0, 0, 0);color:#f59a66\" class=\"has-inline-color\">Har du sans for kvalitet og service i toppklasse?<br>Da er The Town Bar &amp; Grill stedet for deg! Her f\u00e5r du muligheten til \u00e5 v\u00e6re en del av et eksklusivt team som s\u00f8rger for at gjestene f\u00e5r en opplevelse de aldri glemmer. Vi serverer uts\u00f8kte retter, f\u00f8rsteklasses drikke og en atmosf\u00e6re som oser av eleganse og komfort.<\/mark><\/sub><\/p>\n<\/div><\/div>\n\n\n\n<div class=\"wp-block-media-text is-stacked-on-mobile\"><figure class=\"wp-block-media-text__media\"><img loading=\"lazy\" decoding=\"async\" width=\"2338\" height=\"1170\" src=\"https:\/\/ny.latencyrp.no\/wp-content\/uploads\/2025\/08\/uwu.png\" alt=\"\" class=\"wp-image-222 size-full\"\/><\/figure><div class=\"wp-block-media-text__content\">\n<p><mark style=\"background-color:rgba(0, 0, 0, 0);color:#f59a66\" class=\"has-inline-color\"><strong>Uwu<\/strong><\/mark><\/p>\n\n\n\n<p><mark style=\"background-color:rgba(0, 0, 0, 0);color:#f59a66\" class=\"has-inline-color\"><sub>Liker du \u00e5 spre glede og s\u00f8rge for at byen f\u00e5r sin daglige dose kos?<\/sub> <sub>Da har du funnet riktig jobb! Hos Uwu Cafe f\u00e5r du muligheten til \u00e5 v\u00e6re grunnen til at b\u00e5de innbyggere og bes\u00f8kende starter dagen med et smil. Her serverer vi alt fra varme kaffekopper og s\u00f8te kaker til sm\u00e5prat og gode opplevelser.<\/sub><\/mark><\/p>\n<\/div><\/div>\n\n\n\n<p><\/p>\n","protected":false},"excerpt":{"rendered":"<p>Ambulanse Er du glad i og jobbe med folk, eller hjelpe de i n\u00f8d? Da er dette plassen for deg. Med variert arbeidsmengde og intensivitet vil du alltid ha noe \u00e5 gj\u00f8re. Apex : Mekk &amp; Motor F\u00f8ler du at du er en grease monkey, og ikke har noe imot og bli litt oljete p\u00e5 [&hellip;]<\/p>\n","protected":false},"author":1,"featured_media":0,"parent":0,"menu_order":0,"comment_status":"closed","ping_status":"closed","template":"","meta":{"footnotes":""},"class_list":["post-74","page","type-page","status-publish","hentry"],"_links":{"self":[{"href":"https:\/\/latencyrp.no\/index.php\/wp-json\/wp\/v2\/pages\/74","targetHints":{"allow":["GET"]}}],"collection":[{"href":"https:\/\/latencyrp.no\/index.php\/wp-json\/wp\/v2\/pages"}],"about":[{"href":"https:\/\/latencyrp.no\/index.php\/wp-json\/wp\/v2\/types\/page"}],"author":[{"embeddable":true,"href":"https:\/\/latencyrp.no\/index.php\/wp-json\/wp\/v2\/users\/1"}],"replies":[{"embeddable":true,"href":"https:\/\/latencyrp.no\/index.php\/wp-json\/wp\/v2\/comments?post=74"}],"version-history":[{"count":54,"href":"https:\/\/latencyrp.no\/index.php\/wp-json\/wp\/v2\/pages\/74\/revisions"}],"predecessor-version":[{"id":367,"href":"https:\/\/latencyrp.no\/index.php\/wp-json\/wp\/v2\/pages\/74\/revisions\/367"}],"wp:attachment":[{"href":"https:\/\/latencyrp.no\/index.php\/wp-json\/wp\/v2\/media?parent=74"}],"curies":[{"name":"wp","href":"https:\/\/api.w.org\/{rel}","templated":true}]}}